{"id":449,"date":"2024-08-04T16:47:51","date_gmt":"2024-08-04T13:47:51","guid":{"rendered":"https:\/\/ikincielranzaucuzisci.com\/ikinciel\/?post_type=product&#038;p=449"},"modified":"2024-08-04T16:47:51","modified_gmt":"2024-08-04T13:47:51","slug":"asker-ranzasi-50-adet-cikma-asker-ranzasi-iki-katli-kalin-saglam-ranza","status":"publish","type":"product","link":"https:\/\/ikincielranzaucuzisci.com\/ikinciel\/urun\/asker-ranzasi-50-adet-cikma-asker-ranzasi-iki-katli-kalin-saglam-ranza\/","title":{"rendered":"Asker ranzas\u0131 50 adet \u00e7\u0131kma asker ranzas\u0131 iki katl\u0131 kal\u0131n sa\u011flam ranza"},"content":{"rendered":"<p><img loading=\"lazy\" decoding=\"async\" class=\"aligncenter size-full wp-image-450\" src=\"https:\/\/ikincielranzaucuzisci.com\/ikinciel\/wp-content\/uploads\/2024\/08\/cikma-asker-ranzasi-iki-katli-2.png\" alt=\"\" width=\"846\" height=\"632\" title=\"\" srcset=\"https:\/\/ikincielranzaucuzisci.com\/ikinciel\/wp-content\/uploads\/2024\/08\/cikma-asker-ranzasi-iki-katli-2.png 846w, https:\/\/ikincielranzaucuzisci.com\/ikinciel\/wp-content\/uploads\/2024\/08\/cikma-asker-ranzasi-iki-katli-2-300x224.png 300w, https:\/\/ikincielranzaucuzisci.com\/ikinciel\/wp-content\/uploads\/2024\/08\/cikma-asker-ranzasi-iki-katli-2-768x574.png 768w, https:\/\/ikincielranzaucuzisci.com\/ikinciel\/wp-content\/uploads\/2024\/08\/cikma-asker-ranzasi-iki-katli-2-160x120.png 160w, https:\/\/ikincielranzaucuzisci.com\/ikinciel\/wp-content\/uploads\/2024\/08\/cikma-asker-ranzasi-iki-katli-2-600x448.png 600w\" sizes=\"auto, (max-width: 846px) 100vw, 846px\" \/> <img loading=\"lazy\" decoding=\"async\" class=\"aligncenter size-full wp-image-451\" src=\"https:\/\/ikincielranzaucuzisci.com\/ikinciel\/wp-content\/uploads\/2024\/08\/cikma-asker-ranzasi-iki-katli-1.png\" alt=\"\" width=\"633\" height=\"634\" title=\"\" srcset=\"https:\/\/ikincielranzaucuzisci.com\/ikinciel\/wp-content\/uploads\/2024\/08\/cikma-asker-ranzasi-iki-katli-1.png 633w, https:\/\/ikincielranzaucuzisci.com\/ikinciel\/wp-content\/uploads\/2024\/08\/cikma-asker-ranzasi-iki-katli-1-300x300.png 300w, https:\/\/ikincielranzaucuzisci.com\/ikinciel\/wp-content\/uploads\/2024\/08\/cikma-asker-ranzasi-iki-katli-1-150x150.png 150w, https:\/\/ikincielranzaucuzisci.com\/ikinciel\/wp-content\/uploads\/2024\/08\/cikma-asker-ranzasi-iki-katli-1-600x601.png 600w, https:\/\/ikincielranzaucuzisci.com\/ikinciel\/wp-content\/uploads\/2024\/08\/cikma-asker-ranzasi-iki-katli-1-100x100.png 100w\" sizes=\"auto, (max-width: 633px) 100vw, 633px\" \/><\/p>\n","protected":false},"excerpt":{"rendered":"<p>\u00e7\u0131kma asker ranzas\u0131 iki katl\u0131 RANZA 90*190, \u0130K\u0130 KATLI, DEM\u0130R,EV-\u015eANT\u0130YE RANZA 2400 TL. \u015eantiye &amp; \u0130\u015f\u00e7i Ranzas\u0131 (\u00c7ift Katl\u0131 Askeri Ranza)\u015eantiye &amp; \u0130\u015f\u00e7i Ranzas\u0131 Metal ranza , \u00e7elik ranza , \u015fantiye ranzas\u0131 , i\u015f\u00e7i ranzas\u0131 , demir ranza , askeri ranza , yurt ranzas\u0131 modelleri ve fiyatlar\u0131 (\u00c7ift Katl\u0131 Askeri Ranza).<\/p>\n","protected":false},"featured_media":451,"template":"","meta":[],"product_brand":[],"product_cat":[30],"product_tag":[],"class_list":{"0":"post-449","1":"product","2":"type-product","3":"status-publish","4":"has-post-thumbnail","6":"product_cat-ikinci-el-ranza","8":"first","9":"instock","10":"sale","11":"shipping-taxable","12":"purchasable","13":"product-type-simple"},"_links":{"self":[{"href":"https:\/\/ikincielranzaucuzisci.com\/ikinciel\/wp-json\/wp\/v2\/product\/449","targetHints":{"allow":["GET"]}}],"collection":[{"href":"https:\/\/ikincielranzaucuzisci.com\/ikinciel\/wp-json\/wp\/v2\/product"}],"about":[{"href":"https:\/\/ikincielranzaucuzisci.com\/ikinciel\/wp-json\/wp\/v2\/types\/product"}],"wp:featuredmedia":[{"embeddable":true,"href":"https:\/\/ikincielranzaucuzisci.com\/ikinciel\/wp-json\/wp\/v2\/media\/451"}],"wp:attachment":[{"href":"https:\/\/ikincielranzaucuzisci.com\/ikinciel\/wp-json\/wp\/v2\/media?parent=449"}],"wp:term":[{"taxonomy":"product_brand","embeddable":true,"href":"https:\/\/ikincielranzaucuzisci.com\/ikinciel\/wp-json\/wp\/v2\/product_brand?post=449"},{"taxonomy":"product_cat","embeddable":true,"href":"https:\/\/ikincielranzaucuzisci.com\/ikinciel\/wp-json\/wp\/v2\/product_cat?post=449"},{"taxonomy":"product_tag","embeddable":true,"href":"https:\/\/ikincielranzaucuzisci.com\/ikinciel\/wp-json\/wp\/v2\/product_tag?post=449"}],"curies":[{"name":"wp","href":"https:\/\/api.w.org\/{rel}","templated":true}]}}