{"id":503,"date":"2024-10-18T11:19:59","date_gmt":"2024-10-18T08:19:59","guid":{"rendered":"https:\/\/ikincielranzaucuzisci.com\/ikinciel\/?post_type=product&#038;p=503"},"modified":"2024-10-18T11:20:00","modified_gmt":"2024-10-18T08:20:00","slug":"sahibinden-cok-temiz-2-li-ranza-ikinci-el-tertemiz-ranza","status":"publish","type":"product","link":"https:\/\/ikincielranzaucuzisci.com\/ikinciel\/urun\/sahibinden-cok-temiz-2-li-ranza-ikinci-el-tertemiz-ranza\/","title":{"rendered":"SAH\u0130B\u0130NDEN \u00c7OK TEM\u0130Z 2 L\u0130 RANZA \u0130K\u0130NC\u0130 EL TERTEM\u0130Z RANZA"},"content":{"rendered":"<p><img loading=\"lazy\" decoding=\"async\" class=\"aligncenter size-full wp-image-505\" src=\"https:\/\/ikincielranzaucuzisci.com\/ikinciel\/wp-content\/uploads\/2024\/10\/SAHIBINDEN-COK-TEMIZ-2-LI-RANZA-2.png\" alt=\"\" width=\"1044\" height=\"568\" title=\"\" srcset=\"https:\/\/ikincielranzaucuzisci.com\/ikinciel\/wp-content\/uploads\/2024\/10\/SAHIBINDEN-COK-TEMIZ-2-LI-RANZA-2.png 1044w, https:\/\/ikincielranzaucuzisci.com\/ikinciel\/wp-content\/uploads\/2024\/10\/SAHIBINDEN-COK-TEMIZ-2-LI-RANZA-2-300x163.png 300w, https:\/\/ikincielranzaucuzisci.com\/ikinciel\/wp-content\/uploads\/2024\/10\/SAHIBINDEN-COK-TEMIZ-2-LI-RANZA-2-1024x557.png 1024w, https:\/\/ikincielranzaucuzisci.com\/ikinciel\/wp-content\/uploads\/2024\/10\/SAHIBINDEN-COK-TEMIZ-2-LI-RANZA-2-768x418.png 768w, https:\/\/ikincielranzaucuzisci.com\/ikinciel\/wp-content\/uploads\/2024\/10\/SAHIBINDEN-COK-TEMIZ-2-LI-RANZA-2-600x326.png 600w\" sizes=\"auto, (max-width: 1044px) 100vw, 1044px\" \/><\/p>\n","protected":false},"excerpt":{"rendered":"<p>\u0130MALATTAN HEMEN TESL\u0130M\/KAPIDA \u00d6DEME METAL RANZA,YATAK,DOLAP! <strong><a href=\"https:\/\/ikincielranzaucuzisci.com\/\">\u0130K\u0130NC\u0130 EL Ranza<\/a><\/strong> \u00e7e\u015fitleri tekli olabildi\u011fi gibi ikili, hatta 3 l\u00fc ranza se\u00e7enekleri gibi zengin modellere sahip \u0130K\u0130NC\u0130EL RANZA \u00c7ocuk ve gen\u00e7 odas\u0131 tak\u0131m\u0131 modelleri, ikinci el ve s\u0131f\u0131r se\u00e7enekleri ve b\u00fct\u00e7enize uygun fiyat \u0130\u015e\u00c7\u0130 RANZASI \u015eANT\u0130YE RANZASI METAL RANZA RANZA Okul Ranza ve Yatak Modelleri &amp; Fiyatlar\u0131 \u00b7 B\u00dcT\u00c7E DOSTU RANZA VE YATAKLARDA<\/p>\n<p><strong>Ranza al\u0131rken nelere dikkat edilmeli?<\/strong><br \/>\n<strong>Ranza Se\u00e7erken Dikkat Edilmesi Gerekenler<\/strong><br \/>\nRanza al\u0131rken dikkat edilmesi gereken noktalar aras\u0131nda g\u00fcvenlik, malzeme kalitesi ve konfor \u00f6n plana \u00e7\u0131kar. Bu \u00fc\u00e7 fakt\u00f6r, ranzan\u0131n kullan\u0131m \u00f6mr\u00fcn\u00fc, g\u00fcvenli\u011fini ve kullan\u0131c\u0131lar\u0131n memnuniyetini do\u011frudan etkiler. G\u00fcvenlik, \u00f6zellikle \u00e7ocuklar i\u00e7in tasarlanm\u0131\u015f ranzalarda en \u00f6nemli kriterdir.<\/p>\n<p><strong><a href=\"https:\/\/www.google.com\/search?q=Ranza+en+fazla+ka%C3%A7+kilo+ta%C5%9F%C4%B1r%3F&amp;rlz=1C1CHZN_trTR1057TR1057&amp;oq=Ranza+en+fazla+ka%C3%A7+kilo+ta%C5%9F%C4%B1r%3F&amp;gs_lcrp=EgZjaHJvbWUyBggAEEUYOTIICAEQABgWGB4yCggCEAAYgAQYogQyCggDEAAYgAQYogQyCggEEAAYgAQYogQyCggFEAAYgAQYogTSAQc2MDBqMGo5qAIAsAIB&amp;sourceid=chrome&amp;ie=UTF-8\">Ranza en fazla ka\u00e7 kilo ta\u015f\u0131r?<\/a><\/strong><br \/>\nTSE standartlar\u0131na g\u00f6re tasarlan\u0131p \u00f6zenle \u00fcretilen ranza, hem ebeveynlerin hem de \u00e7ocuklar\u0131n ve gen\u00e7lerin beklentilerini kar\u015f\u0131l\u0131yor. Her bir uyku alan\u0131n\u0131n maksimum ta\u015f\u0131ma kapasitesi maksimum <strong>130 kg, i\u00e7 yatak \u00f6l\u00e7\u00fcleri ise \u00fcst 90&#215;200 cm iken alt 120&#215;200 cm olan Ranzalar, sa\u011flam yap\u0131s\u0131yla uzun y\u0131llar kullan\u0131labilir.<\/strong><\/p>\n","protected":false},"featured_media":506,"template":"","meta":[],"product_brand":[],"product_cat":[30],"product_tag":[],"class_list":{"0":"post-503","1":"product","2":"type-product","3":"status-publish","4":"has-post-thumbnail","6":"product_cat-ikinci-el-ranza","8":"first","9":"instock","10":"sale","11":"shipping-taxable","12":"purchasable","13":"product-type-simple"},"_links":{"self":[{"href":"https:\/\/ikincielranzaucuzisci.com\/ikinciel\/wp-json\/wp\/v2\/product\/503","targetHints":{"allow":["GET"]}}],"collection":[{"href":"https:\/\/ikincielranzaucuzisci.com\/ikinciel\/wp-json\/wp\/v2\/product"}],"about":[{"href":"https:\/\/ikincielranzaucuzisci.com\/ikinciel\/wp-json\/wp\/v2\/types\/product"}],"wp:featuredmedia":[{"embeddable":true,"href":"https:\/\/ikincielranzaucuzisci.com\/ikinciel\/wp-json\/wp\/v2\/media\/506"}],"wp:attachment":[{"href":"https:\/\/ikincielranzaucuzisci.com\/ikinciel\/wp-json\/wp\/v2\/media?parent=503"}],"wp:term":[{"taxonomy":"product_brand","embeddable":true,"href":"https:\/\/ikincielranzaucuzisci.com\/ikinciel\/wp-json\/wp\/v2\/product_brand?post=503"},{"taxonomy":"product_cat","embeddable":true,"href":"https:\/\/ikincielranzaucuzisci.com\/ikinciel\/wp-json\/wp\/v2\/product_cat?post=503"},{"taxonomy":"product_tag","embeddable":true,"href":"https:\/\/ikincielranzaucuzisci.com\/ikinciel\/wp-json\/wp\/v2\/product_tag?post=503"}],"curies":[{"name":"wp","href":"https:\/\/api.w.org\/{rel}","templated":true}]}}